{"id":20,"date":"2023-10-06T11:20:31","date_gmt":"2023-10-06T09:20:31","guid":{"rendered":"http:\/\/www.domainelecaprougeat.fr\/?page_id=20"},"modified":"2024-02-08T14:49:04","modified_gmt":"2024-02-08T13:49:04","slug":"colibri-wp","status":"publish","type":"page","link":"https:\/\/www.domainelecaprougeat.fr\/","title":{"rendered":"Nos Studios"},"content":{"rendered":"<div data-colibri-id=\"20-c1\" class=\"style-193 style-local-20-c1 position-relative\">\n  <!---->\n  <div data-colibri-component=\"section\" data-colibri-id=\"20-c2\" id=\"content\" class=\"h-section h-section-global-spacing d-flex align-items-lg-center align-items-md-center align-items-center style-209 style-local-20-c2 position-relative\">\n    <!---->\n    <!---->\n    <div class=\"h-section-grid-container h-section-boxed-container\">\n      <!---->\n      <div data-colibri-id=\"20-c3\" class=\"h-row-container gutters-row-lg-2 gutters-row-md-2 gutters-row-2 gutters-row-v-lg-2 gutters-row-v-md-2 gutters-row-v-2 style-210 style-local-20-c3 position-relative\">\n        <!---->\n        <div class=\"h-row justify-content-lg-center justify-content-md-center justify-content-center align-items-lg-stretch align-items-md-stretch align-items-stretch gutters-col-lg-2 gutters-col-md-2 gutters-col-2 gutters-col-v-lg-2 gutters-col-v-md-2 gutters-col-v-2\">\n          <!---->\n          <div class=\"h-column h-column-container d-flex h-col-lg-auto h-col-md-auto h-col-auto style-211-outer style-local-20-c4-outer\">\n            <div data-colibri-id=\"20-c4\" class=\"d-flex h-flex-basis h-column__inner h-px-lg-0 h-px-md-2 h-px-0 v-inner-lg-0 v-inner-md-2 v-inner-0 style-211 style-local-20-c4 position-relative\">\n              <!---->\n              <!---->\n              <div class=\"w-100 h-y-container h-column__content h-column__v-align flex-basis-100 align-self-lg-center align-self-md-center align-self-center\">\n                <!---->\n                <div data-colibri-id=\"20-c5\" class=\"d-block style-212 style-local-20-c5 position-relative h-element\">\n                  <!---->\n                  <div class=\"h-image__frame-container-outer\">\n                    <div class=\"h-image__frame-container\">\n                      <!---->\n                      <!---->\n                      <img loading=\"lazy\" decoding=\"async\" width=\"2560\" height=\"1707\" src=\"http:\/\/www.domainelecaprougeat.fr\/wp-content\/uploads\/2024\/01\/cropped-DSC_0262-scaled-1.jpg\" class=\"wp-image-616 style-212-image style-local-20-c5-image\" alt=\"\" srcset=\"https:\/\/www.domainelecaprougeat.fr\/wp-content\/uploads\/2024\/01\/cropped-DSC_0262-scaled-1.jpg 2560w, https:\/\/www.domainelecaprougeat.fr\/wp-content\/uploads\/2024\/01\/cropped-DSC_0262-scaled-1-300x200.jpg 300w, https:\/\/www.domainelecaprougeat.fr\/wp-content\/uploads\/2024\/01\/cropped-DSC_0262-scaled-1-1024x683.jpg 1024w, https:\/\/www.domainelecaprougeat.fr\/wp-content\/uploads\/2024\/01\/cropped-DSC_0262-scaled-1-768x512.jpg 768w, https:\/\/www.domainelecaprougeat.fr\/wp-content\/uploads\/2024\/01\/cropped-DSC_0262-scaled-1-1536x1024.jpg 1536w, https:\/\/www.domainelecaprougeat.fr\/wp-content\/uploads\/2024\/01\/cropped-DSC_0262-scaled-1-2048x1366.jpg 2048w\" sizes=\"auto, (max-width: 2560px) 100vw, 2560px\" \/>\n                      <div class=\"h-image__frame h-hide-lg h-hide-md h-hide-sm style-212-frameImage style-local-20-c5-frameImage\"><\/div>\n                    <\/div>\n                  <\/div>\n                <\/div>\n              <\/div>\n            <\/div>\n          <\/div>\n          <div class=\"h-column h-column-container d-flex h-col-lg-auto h-col-md-auto h-col-auto style-213-outer style-local-20-c6-outer\">\n            <div data-colibri-id=\"20-c6\" class=\"d-flex h-flex-basis h-column__inner h-px-lg-0 h-px-md-0 h-px-2 v-inner-lg-0 v-inner-md-0 v-inner-2 style-213 style-local-20-c6 position-relative\">\n              <!---->\n              <!---->\n              <div class=\"w-100 h-y-container h-column__content h-column__v-align flex-basis-100 align-self-lg-center align-self-md-center align-self-center\">\n                <!---->\n                <div data-colibri-id=\"20-c7\" class=\"h-text h-text-component style-215 style-local-20-c7 position-relative h-element\">\n                  <!---->\n                  <!---->\n                  <div class=\"\">\n                    <h2>Pr\u00e9sentation<\/h2>\n                    <p>Sur l&rsquo;exploitation agricole de la famille Sarlaboux, cette belle b\u00e2tisse de briques et de galets accueille 5 g\u00eetes et une salle de r\u00e9ception.<\/p>\n                    <p>Le Domaine du Caprougeat vous accueille dans un cadre d&rsquo;exception pour tout type d&rsquo;\u00e9v\u00e9nement qu&rsquo;il soit priv\u00e9 ou professionnel. C\u00e9l\u00e9brez votre \u00e9v\u00e8nement dans un endroit unique !<\/p>\n                    <p><strong>Espaces et capacit\u00e9s<\/strong><\/p>\n                    <p><span style=\"color: rgb(70, 112, 127);\">La salle de r\u00e9ception de 145m2, tr\u00e8s lumineuse et adapt\u00e9e aux personnes \u00e0 mobilit\u00e9 r\u00e9duite, accueillera vos invit\u00e9s jusqu&rsquo;\u00e0 80 personnes assises maximum, enfants compris. La c\u00e9r\u00e9monie la\u00efque pourra se faire dans les magnifiques all\u00e9es bord\u00e9es de figuiers.<\/span><\/p>\n                    <p><strong>Prestations<\/strong><\/p>\n                    <p><span style=\"color: rgb(70, 112, 127);\">Fanny la g\u00e9rante se fera une joie de vous faire visiter et vous pr\u00e9senter son domaine au c\u0153ur de l&rsquo;exploitation, en pleine campagne. Une cuisine traiteur de 18 m2 \u00e9quip\u00e9e est \u00e0 votre disposition, avec frigo am\u00e9ricain, four, plaque induction, frigo suppl\u00e9mentaire, micro ondes, cafeti\u00e8res&#8230;<\/span><\/p>\n                    <p><strong>Logement<\/strong><\/p>\n                    <p><span style=\"color: rgb(70, 112, 127);\">Cinq g\u00eetes spacieux et climatis\u00e9s sont disponibles, pour une capacit\u00e9 de 14 couchages.<\/span><\/p>\n                    <p><strong>Autres installations<\/strong><\/p>\n                    <p><span style=\"color: rgb(70, 112, 127);\">Vous pourrez profiter du parc arbor\u00e9 pour vos r\u00e9ceptions ainsi que d&rsquo;un terrain de p\u00e9tanque. Un barbecue est a votre disposition.<\/span><\/p>\n                    <p>\n                      <br>\n                    <\/p>\n                  <\/div>\n                <\/div>\n              <\/div>\n            <\/div>\n          <\/div>\n        <\/div>\n      <\/div>\n      <div data-colibri-id=\"20-c8\" class=\"h-row-container gutters-row-lg-2 gutters-row-md-2 gutters-row-0 gutters-row-v-lg-2 gutters-row-v-md-2 gutters-row-v-2 style-356 style-local-20-c8 position-relative\">\n        <!---->\n        <div class=\"h-row justify-content-lg-center justify-content-md-center justify-content-center align-items-lg-stretch align-items-md-stretch align-items-stretch gutters-col-lg-2 gutters-col-md-2 gutters-col-0 gutters-col-v-lg-2 gutters-col-v-md-2 gutters-col-v-2\">\n          <!---->\n          <div class=\"h-column h-column-container d-flex h-col-lg-auto h-col-md-auto h-col-auto style-357-outer style-local-20-c9-outer\">\n            <div data-colibri-id=\"20-c9\" class=\"d-flex h-flex-basis h-column__inner h-px-lg-2 h-px-md-2 h-px-2 v-inner-lg-2 v-inner-md-2 v-inner-2 style-357 style-local-20-c9 position-relative\">\n              <!---->\n              <!---->\n              <div class=\"w-100 h-y-container h-column__content h-column__v-align flex-basis-100 align-self-lg-start align-self-md-start align-self-start\">\n                <!---->\n                <div data-colibri-id=\"20-c10\" class=\"d-block style-353 style-local-20-c10 position-relative h-element\">\n                  <!---->\n                  <div class=\"h-image__frame-container-outer\">\n                    <div class=\"h-image__frame-container\">\n                      <!---->\n                      <!---->\n                      <img loading=\"lazy\" decoding=\"async\" width=\"426\" height=\"426\" src=\"http:\/\/www.domainelecaprougeat.fr\/wp-content\/uploads\/2024\/01\/cropped-cropped-oc-1706-instit-logo_carre-quadri-150x150-72dpi.png\" class=\"wp-image-676 style-353-image style-local-20-c10-image\" alt=\"\" srcset=\"https:\/\/www.domainelecaprougeat.fr\/wp-content\/uploads\/2024\/01\/cropped-cropped-oc-1706-instit-logo_carre-quadri-150x150-72dpi.png 426w, https:\/\/www.domainelecaprougeat.fr\/wp-content\/uploads\/2024\/01\/cropped-cropped-oc-1706-instit-logo_carre-quadri-150x150-72dpi-300x300.png 300w, https:\/\/www.domainelecaprougeat.fr\/wp-content\/uploads\/2024\/01\/cropped-cropped-oc-1706-instit-logo_carre-quadri-150x150-72dpi-150x150.png 150w\" sizes=\"auto, (max-width: 426px) 100vw, 426px\" \/>\n                      <div class=\"h-image__frame h-hide-lg h-hide-md h-hide-sm style-353-frameImage style-local-20-c10-frameImage\"><\/div>\n                    <\/div>\n                  <\/div>\n                <\/div>\n              <\/div>\n            <\/div>\n          <\/div>\n        <\/div>\n      <\/div>\n    <\/div>\n  <\/div>\n<\/div>","protected":false},"excerpt":{"rendered":"<p>Pr\u00e9sentation Sur l&rsquo;exploitation agricole de la famille Sarlaboux, cette belle b\u00e2tisse de briques et de galets accueille 5 g\u00eetes et une salle de r\u00e9ception. Le Domaine du Caprougeat vous accueille dans un cadre d&rsquo;exception pour tout type d&rsquo;\u00e9v\u00e9nement qu&rsquo;il soit priv\u00e9 ou professionnel. C\u00e9l\u00e9brez votre \u00e9v\u00e8nement dans un endroit unique ! Espaces et capacit\u00e9s La [&hellip;]<\/p>\n","protected":false},"author":1,"featured_media":0,"parent":0,"menu_order":0,"comment_status":"closed","ping_status":"closed","template":"page-templates\/homepage.php","meta":{"footnotes":""},"class_list":["post-20","page","type-page","status-publish","hentry"],"_links":{"self":[{"href":"https:\/\/www.domainelecaprougeat.fr\/index.php?rest_route=\/wp\/v2\/pages\/20","targetHints":{"allow":["GET"]}}],"collection":[{"href":"https:\/\/www.domainelecaprougeat.fr\/index.php?rest_route=\/wp\/v2\/pages"}],"about":[{"href":"https:\/\/www.domainelecaprougeat.fr\/index.php?rest_route=\/wp\/v2\/types\/page"}],"author":[{"embeddable":true,"href":"https:\/\/www.domainelecaprougeat.fr\/index.php?rest_route=\/wp\/v2\/users\/1"}],"replies":[{"embeddable":true,"href":"https:\/\/www.domainelecaprougeat.fr\/index.php?rest_route=%2Fwp%2Fv2%2Fcomments&post=20"}],"version-history":[{"count":20,"href":"https:\/\/www.domainelecaprougeat.fr\/index.php?rest_route=\/wp\/v2\/pages\/20\/revisions"}],"predecessor-version":[{"id":985,"href":"https:\/\/www.domainelecaprougeat.fr\/index.php?rest_route=\/wp\/v2\/pages\/20\/revisions\/985"}],"wp:attachment":[{"href":"https:\/\/www.domainelecaprougeat.fr\/index.php?rest_route=%2Fwp%2Fv2%2Fmedia&parent=20"}],"curies":[{"name":"wp","href":"https:\/\/api.w.org\/{rel}","templated":true}]}}